{"id":8090,"date":"2018-12-12T14:53:48","date_gmt":"2018-12-12T13:53:48","guid":{"rendered":"https:\/\/personal-4u.de\/?page_id=8090"},"modified":"2020-03-18T03:33:12","modified_gmt":"2020-03-18T02:33:12","slug":"linterim-une-chance","status":"publish","type":"page","link":"https:\/\/personal-4u.de\/fr\/espace-candidates\/linterim-une-chance\/","title":{"rendered":"L\u2019int\u00e9rim, une chance"},"content":{"rendered":"[vc_row type=\u00a0\u00bbin_container\u00a0\u00bb full_screen_row_position=\u00a0\u00bbmiddle\u00a0\u00bb scene_position=\u00a0\u00bbcenter\u00a0\u00bb text_color=\u00a0\u00bbdark\u00a0\u00bb text_align=\u00a0\u00bbleft\u00a0\u00bb disable_element=\u00a0\u00bbyes\u00a0\u00bb overlay_strength=\u00a0\u00bb0.3&Prime; shape_divider_position=\u00a0\u00bbbottom\u00a0\u00bb bg_image_animation=\u00a0\u00bbnone\u00a0\u00bb shape_type=\u00a0\u00bb\u00a0\u00bb][vc_column centered_text=\u00a0\u00bbtrue\u00a0\u00bb column_padding=\u00a0\u00bbno-extra-padding\u00a0\u00bb column_padding_position=\u00a0\u00bball\u00a0\u00bb background_color_opacity=\u00a0\u00bb1&Prime; background_hover_color_opacity=\u00a0\u00bb1&Prime; column_link_target=\u00a0\u00bb_self\u00a0\u00bb column_shadow=\u00a0\u00bbnone\u00a0\u00bb column_border_radius=\u00a0\u00bbnone\u00a0\u00bb width=\u00a0\u00bb1\/1&Prime; tablet_width_inherit=\u00a0\u00bbdefault\u00a0\u00bb tablet_text_alignment=\u00a0\u00bbdefault\u00a0\u00bb phone_text_alignment=\u00a0\u00bbdefault\u00a0\u00bb column_border_width=\u00a0\u00bbnone\u00a0\u00bb column_border_style=\u00a0\u00bbsolid\u00a0\u00bb bg_image_animation=\u00a0\u00bbnone\u00a0\u00bb][vc_column_text]\n<pre><nav aria-label=\"breadcrumbs\">\n            <div class=\"breadcrumb-container theme1\">\n                <ol>\n                    <li><a title=\"You are here\" href=\"#\"><span>You are here<\/span><\/a><span class=\"separator\">\u00bb<\/span><\/li>\n                    <\/ol>\n            <\/div>\n        <\/nav>    <script type=\"application\/ld+json\">\n        {\n            \"@context\": \"http:\/\/schema.org\",\n            \"@type\": \"BreadcrumbList\",\n            \"itemListElement\": [\n                 {\n                            \"@type\": \"ListItem\",\n                            \"position\": 1,\n                            \"item\": {\n                                \"@id\": \"#\",\n                                \"name\": \"You are here\"\n                            }\n                        }\n                                                    ]\n        }\n    <\/script>\n   \n    <script>\n            <\/script>\n<\/pre>\n[\/vc_column_text][\/vc_column][\/vc_row][vc_row type=\u00a0\u00bbfull_width_background\u00a0\u00bb full_screen_row_position=\u00a0\u00bbmiddle\u00a0\u00bb equal_height=\u00a0\u00bbyes\u00a0\u00bb scene_position=\u00a0\u00bbcenter\u00a0\u00bb text_color=\u00a0\u00bbdark\u00a0\u00bb text_align=\u00a0\u00bbleft\u00a0\u00bb top_padding=\u00a0\u00bb2%\u00a0\u00bb bottom_padding=\u00a0\u00bb2%\u00a0\u00bb overlay_strength=\u00a0\u00bb0.3&Prime; shape_divider_position=\u00a0\u00bbbottom\u00a0\u00bb bg_image_animation=\u00a0\u00bbnone\u00a0\u00bb shape_type=\u00a0\u00bb\u00a0\u00bb][vc_column centered_text=\u00a0\u00bbtrue\u00a0\u00bb column_padding=\u00a0\u00bbpadding-4-percent\u00a0\u00bb column_padding_position=\u00a0\u00bball\u00a0\u00bb background_color_opacity=\u00a0\u00bb1&Prime; background_hover_color_opacity=\u00a0\u00bb1&Prime; column_link_target=\u00a0\u00bb_self\u00a0\u00bb column_shadow=\u00a0\u00bbnone\u00a0\u00bb column_border_radius=\u00a0\u00bbnone\u00a0\u00bb width=\u00a0\u00bb1\/1&Prime; tablet_width_inherit=\u00a0\u00bbdefault\u00a0\u00bb tablet_text_alignment=\u00a0\u00bbdefault\u00a0\u00bb phone_text_alignment=\u00a0\u00bbdefault\u00a0\u00bb column_border_width=\u00a0\u00bbnone\u00a0\u00bb column_border_style=\u00a0\u00bbsolid\u00a0\u00bb bg_image_animation=\u00a0\u00bbnone\u00a0\u00bb][vc_custom_heading text=\u00a0\u00bbL\u2019int\u00e9rim, une chance\u00a0\u00bb font_container=\u00a0\u00bbtag:h2|text_align:center|color:%23ffda09&Prime; use_theme_fonts=\u00a0\u00bbyes\u00a0\u00bb][vc_row_inner column_margin=\u00a0\u00bbdefault\u00a0\u00bb text_align=\u00a0\u00bbcenter\u00a0\u00bb][vc_column_inner column_padding=\u00a0\u00bbpadding-7-percent\u00a0\u00bb column_padding_position=\u00a0\u00bbleft-right\u00a0\u00bb background_color_opacity=\u00a0\u00bb1&Prime; background_hover_color_opacity=\u00a0\u00bb1&Prime; column_shadow=\u00a0\u00bbnone\u00a0\u00bb column_border_radius=\u00a0\u00bbnone\u00a0\u00bb column_link_target=\u00a0\u00bb_self\u00a0\u00bb width=\u00a0\u00bb1\/1&Prime; tablet_width_inherit=\u00a0\u00bbdefault\u00a0\u00bb column_border_width=\u00a0\u00bbnone\u00a0\u00bb column_border_style=\u00a0\u00bbsolid\u00a0\u00bb bg_image_animation=\u00a0\u00bbnone\u00a0\u00bb enable_animation=\u00a0\u00bbtrue\u00a0\u00bb animation=\u00a0\u00bbfade-in-from-bottom\u00a0\u00bb delay=\u00a0\u00bb100&Prime;][vc_column_text css=\u00a0\u00bb.vc_custom_1544622454160{margin-top: 20px !important;}\u00a0\u00bb]\n<p style=\"text-align: center;\"><strong> Utilisez Personal 4U comme tremplin pour votre carri\u00e8re ! <\/strong><br \/>\nLe travail temporaire pr\u00e9sente de nombreux avantages : acqu\u00e9rez de l&rsquo;exp\u00e9rience professionnelle et apprenez \u00e0 conna\u00eetre diff\u00e9rents secteurs d&rsquo;activit\u00e9. B\u00e9n\u00e9ficiez d\u2019une formation continue et am\u00e9liorez vos chances sur le march\u00e9 du travail. Si vous parvenez \u00e0 convaincre votre employeur de vos comp\u00e9tences, il y a de fortes chances pour qu\u2019il vous embauche. Laissez-vous convaincre par le travail int\u00e9rimaire en Allemagne !<\/p>\n[\/vc_column_text][\/vc_column_inner][\/vc_row_inner][\/vc_column][\/vc_row][vc_row type=\u00a0\u00bbfull_width_background\u00a0\u00bb full_screen_row_position=\u00a0\u00bbmiddle\u00a0\u00bb scene_position=\u00a0\u00bbcenter\u00a0\u00bb text_color=\u00a0\u00bbdark\u00a0\u00bb text_align=\u00a0\u00bbleft\u00a0\u00bb bottom_padding=\u00a0\u00bb5%\u00a0\u00bb id=\u00a0\u00bbbranchen\u00a0\u00bb overlay_strength=\u00a0\u00bb0.3&Prime; shape_divider_position=\u00a0\u00bbbottom\u00a0\u00bb bg_image_animation=\u00a0\u00bbnone\u00a0\u00bb shape_type=\u00a0\u00bb\u00a0\u00bb][vc_column centered_text=\u00a0\u00bbtrue\u00a0\u00bb column_padding=\u00a0\u00bbpadding-8-percent\u00a0\u00bb column_padding_position=\u00a0\u00bball\u00a0\u00bb background_color=\u00a0\u00bb#ffffff\u00a0\u00bb background_color_opacity=\u00a0\u00bb1&Prime; background_hover_color_opacity=\u00a0\u00bb1&Prime; column_link_target=\u00a0\u00bb_self\u00a0\u00bb column_shadow=\u00a0\u00bbnone\u00a0\u00bb column_border_radius=\u00a0\u00bb5px\u00a0\u00bb width=\u00a0\u00bb1\/1&Prime; tablet_width_inherit=\u00a0\u00bbdefault\u00a0\u00bb tablet_text_alignment=\u00a0\u00bbdefault\u00a0\u00bb phone_text_alignment=\u00a0\u00bbdefault\u00a0\u00bb column_border_width=\u00a0\u00bbnone\u00a0\u00bb bg_image_animation=\u00a0\u00bbnone\u00a0\u00bb]<div class=\"divider-wrap\" data-alignment=\"default\"><div style=\"height: 20px;\" class=\"divider\"><\/div><\/div>[vc_custom_heading text=\u00a0\u00bbSecteurs et activit\u00e9s\u00a0\u00bb font_container=\u00a0\u00bbtag:h2|font_size:25|text_align:center|color:%23ffda09&Prime; use_theme_fonts=\u00a0\u00bbyes\u00a0\u00bb css=\u00a0\u00bb.vc_custom_1544622466998{padding-bottom: 20px !important;}\u00a0\u00bb][vc_column_text]\n<p style=\"text-align: center;\"><strong>De l\u2019op\u00e9rateur\/trice \u00e0 l\u2019ing\u00e9nieur(e)<\/strong><\/p>\n<p style=\"text-align: center;\">Nous intervenons dans les m\u00e9tiers de l&rsquo;industrie, de l\u2019\u00e9nergie, de la logistique et du tertiaire.<\/p>\n[\/vc_column_text][vc_column_text]\n<p class=\"p1\"><strong><span class=\"s1\"> Nous vous offrons des possibilit\u00e9s d&#8217;emploi dans une grande vari\u00e9t\u00e9 de secteurs: <\/span><\/strong><\/p>\n[\/vc_column_text]<div class=\"divider-wrap\" data-alignment=\"default\"><div style=\"height: 50px;\" class=\"divider\"><\/div><\/div>[nectar_icon_list animate=\u00a0\u00bbtrue\u00a0\u00bb color=\u00a0\u00bbAccent-Color\u00a0\u00bb direction=\u00a0\u00bbvertical\u00a0\u00bb icon_size=\u00a0\u00bblarge\u00a0\u00bb icon_style=\u00a0\u00bbno-border\u00a0\u00bb][nectar_icon_list_item icon_type=\u00a0\u00bbicon\u00a0\u00bb title=\u00a0\u00bbList Item\u00a0\u00bb id=\u00a0\u00bb1584498781245-6&Prime; icon_fontawesome=\u00a0\u00bbfa fa-user-circle-o\u00a0\u00bb header=\u00a0\u00bbM\u00e9tiers de la m\u00e9tallurgie et de la plasturgie\u00a0\u00bb tab_id=\u00a0\u00bb1584498781247-10&Prime;] [\/nectar_icon_list_item][nectar_icon_list_item icon_type=\u00a0\u00bbicon\u00a0\u00bb title=\u00a0\u00bbList Item\u00a0\u00bb id=\u00a0\u00bb1584498781310-7&Prime; icon_fontawesome=\u00a0\u00bbfa fa-bolt\u00a0\u00bb header=\u00a0\u00bbM\u00e9tiers de l&rsquo;\u00e9lectricit\u00e9 et de l&rsquo;\u00e9lectronique\u00a0\u00bb tab_id=\u00a0\u00bb1584498781311-1&Prime;] [\/nectar_icon_list_item][nectar_icon_list_item icon_type=\u00a0\u00bbicon\u00a0\u00bb title=\u00a0\u00bbList Item\u00a0\u00bb id=\u00a0\u00bb1584498781361-10&Prime; icon_fontawesome=\u00a0\u00bbfa fa-user-md\u00a0\u00bb header=\u00a0\u00bbM\u00e9tiers du l&rsquo;industrie pharmaceutique et m\u00e9dicale\u00a0\u00bb tab_id=\u00a0\u00bb1584498781361-2&Prime;][\/nectar_icon_list_item][nectar_icon_list_item icon_type=\u00a0\u00bbicon\u00a0\u00bb title=\u00a0\u00bbList Item\u00a0\u00bb id=\u00a0\u00bb1584498781388-7&Prime; icon_fontawesome=\u00a0\u00bbfa fa-handshake-o\u00a0\u00bb header=\u00a0\u00bbM\u00e9tiers de la logistique et de l\u2019entreposage\u00a0\u00bb tab_id=\u00a0\u00bb1584498781388-0&Prime;][\/nectar_icon_list_item][nectar_icon_list_item icon_type=\u00a0\u00bbicon\u00a0\u00bb title=\u00a0\u00bbList Item\u00a0\u00bb id=\u00a0\u00bb1584498781426-10&Prime; icon_fontawesome=\u00a0\u00bbfa fa-money\u00a0\u00bb header=\u00a0\u00bbM\u00e9tiers du commerce, de la vente et de la distribution\u00a0\u00bb tab_id=\u00a0\u00bb1584498781427-10&Prime;][\/nectar_icon_list_item][nectar_icon_list_item icon_type=\u00a0\u00bbicon\u00a0\u00bb title=\u00a0\u00bbList Item\u00a0\u00bb id=\u00a0\u00bb1584498781469-1&Prime; icon_fontawesome=\u00a0\u00bbfa fa-book\u00a0\u00bb header=\u00a0\u00bbM\u00e9tiers de la comptabilit\u00e9 et de la finance\u00a0\u00bb tab_id=\u00a0\u00bb1584498781471-7&Prime;][\/nectar_icon_list_item][\/nectar_icon_list][\/vc_column][\/vc_row][vc_row type=\u00a0\u00bbfull_width_background\u00a0\u00bb full_screen_row_position=\u00a0\u00bbmiddle\u00a0\u00bb scene_position=\u00a0\u00bbcenter\u00a0\u00bb text_color=\u00a0\u00bbdark\u00a0\u00bb text_align=\u00a0\u00bbleft\u00a0\u00bb top_padding=\u00a0\u00bb5%\u00a0\u00bb bottom_padding=\u00a0\u00bb5%\u00a0\u00bb id=\u00a0\u00bbdienstleistungen\u00a0\u00bb overlay_strength=\u00a0\u00bb0.3&Prime; shape_divider_position=\u00a0\u00bbbottom\u00a0\u00bb bg_image_animation=\u00a0\u00bbnone\u00a0\u00bb shape_type=\u00a0\u00bb\u00a0\u00bb][vc_column centered_text=\u00a0\u00bbtrue\u00a0\u00bb column_padding=\u00a0\u00bbpadding-5-percent\u00a0\u00bb column_padding_position=\u00a0\u00bbleft-right\u00a0\u00bb background_color_opacity=\u00a0\u00bb1&Prime; background_hover_color_opacity=\u00a0\u00bb1&Prime; column_link_target=\u00a0\u00bb_self\u00a0\u00bb column_shadow=\u00a0\u00bbnone\u00a0\u00bb column_border_radius=\u00a0\u00bbnone\u00a0\u00bb width=\u00a0\u00bb1\/6&Prime; tablet_width_inherit=\u00a0\u00bbdefault\u00a0\u00bb tablet_text_alignment=\u00a0\u00bbdefault\u00a0\u00bb phone_text_alignment=\u00a0\u00bbdefault\u00a0\u00bb column_border_width=\u00a0\u00bbnone\u00a0\u00bb column_border_style=\u00a0\u00bbsolid\u00a0\u00bb bg_image_animation=\u00a0\u00bbnone\u00a0\u00bb][\/vc_column][vc_column centered_text=\u00a0\u00bbtrue\u00a0\u00bb column_padding=\u00a0\u00bbpadding-3-percent\u00a0\u00bb column_padding_position=\u00a0\u00bbtop-bottom\u00a0\u00bb background_color_opacity=\u00a0\u00bb1&Prime; background_hover_color_opacity=\u00a0\u00bb1&Prime; column_link_target=\u00a0\u00bb_self\u00a0\u00bb column_shadow=\u00a0\u00bbnone\u00a0\u00bb column_border_radius=\u00a0\u00bbnone\u00a0\u00bb width=\u00a0\u00bb2\/3&Prime; tablet_width_inherit=\u00a0\u00bbdefault\u00a0\u00bb tablet_text_alignment=\u00a0\u00bbdefault\u00a0\u00bb phone_text_alignment=\u00a0\u00bbdefault\u00a0\u00bb column_border_width=\u00a0\u00bbnone\u00a0\u00bb column_border_style=\u00a0\u00bbsolid\u00a0\u00bb bg_image_animation=\u00a0\u00bbnone\u00a0\u00bb][vc_custom_heading text=\u00a0\u00bbNotre engagement\u00a0\u00bb font_container=\u00a0\u00bbtag:h2|text_align:center|color:%23ffda09&Prime; use_theme_fonts=\u00a0\u00bbyes\u00a0\u00bb][vc_column_text]\n<p class=\"p1\" style=\"text-align: center;\"><span class=\"s1\"><b> Travailler pour une r\u00e9ussite commune ! <\/b><\/span><\/p>\n<p style=\"text-align: center;\"><span class=\"s1\"> Notre engagement\u00a0: de par son adh\u00e9sion \u00e0 l&rsquo;Association f\u00e9d\u00e9rale des employeurs pour les entreprises de placement (BAP) Personal 4U Freiburg GmbH vous assure des salaires et conditions de travail \u00e9quitables.<br \/>\nNous vous garantissons \u00e9galement une r\u00e9mun\u00e9ration ponctuelle et restons \u00e0 tout moment \u00e0 votre \u00e9coute en cas de probl\u00e8mes pour essayer, ensemble, de trouver des solutions appropri\u00e9es \u00e0 votre situation actuelle. <\/span><\/p>\n<p class=\"p1\" style=\"text-align: center;\"><strong><span class=\"s1\"> Recommandez-nous et recevrez 300 \u20ac suppl\u00e9mentaires sur votre bulletin de salaire <\/span><\/strong><\/p>\n[\/vc_column_text][nectar_btn size=\u00a0\u00bbmedium\u00a0\u00bb open_new_tab=\u00a0\u00bbtrue\u00a0\u00bb button_style=\u00a0\u00bbregular\u00a0\u00bb button_color_2=\u00a0\u00bbAccent-Color\u00a0\u00bb icon_family=\u00a0\u00bbnone\u00a0\u00bb url=\u00a0\u00bb\/wp-content\/uploads\/2018\/06\/Flyer_MA_werben_MA.jpg\u00a0\u00bb text=\u00a0\u00bbPour plus d\u2019information, lire notre d\u00e9pliant\u00a0\u00bb margin_top=\u00a0\u00bb10&Prime;][\/vc_column][vc_column column_padding=\u00a0\u00bbno-extra-padding\u00a0\u00bb column_padding_position=\u00a0\u00bball\u00a0\u00bb background_color_opacity=\u00a0\u00bb1&Prime; background_hover_color_opacity=\u00a0\u00bb1&Prime; column_link_target=\u00a0\u00bb_self\u00a0\u00bb column_shadow=\u00a0\u00bbnone\u00a0\u00bb column_border_radius=\u00a0\u00bbnone\u00a0\u00bb width=\u00a0\u00bb1\/6&Prime; tablet_width_inherit=\u00a0\u00bbdefault\u00a0\u00bb tablet_text_alignment=\u00a0\u00bbdefault\u00a0\u00bb phone_text_alignment=\u00a0\u00bbdefault\u00a0\u00bb column_border_width=\u00a0\u00bbnone\u00a0\u00bb column_border_style=\u00a0\u00bbsolid\u00a0\u00bb bg_image_animation=\u00a0\u00bbnone\u00a0\u00bb][\/vc_column][\/vc_row]\n","protected":false},"excerpt":{"rendered":"<p>[vc_row type=\u00a0\u00bbin_container\u00a0\u00bb full_screen_row_position=\u00a0\u00bbmiddle\u00a0\u00bb scene_position=\u00a0\u00bbcenter\u00a0\u00bb text_color=\u00a0\u00bbdark\u00a0\u00bb text_align=\u00a0\u00bbleft\u00a0\u00bb disable_element=\u00a0\u00bbyes\u00a0\u00bb overlay_strength=\u00a0\u00bb0.3&Prime; shape_divider_position=\u00a0\u00bbbottom\u00a0\u00bb bg_image_animation=\u00a0\u00bbnone\u00a0\u00bb shape_type=\u00a0\u00bb\u00a0\u00bb][vc_column centered_text=\u00a0\u00bbtrue\u00a0\u00bb column_padding=\u00a0\u00bbno-extra-padding\u00a0\u00bb column_padding_position=\u00a0\u00bball\u00a0\u00bb background_color_opacity=\u00a0\u00bb1&Prime; background_hover_color_opacity=\u00a0\u00bb1&Prime; column_link_target=\u00a0\u00bb_self\u00a0\u00bb column_shadow=\u00a0\u00bbnone\u00a0\u00bb column_border_radius=\u00a0\u00bbnone\u00a0\u00bb width=\u00a0\u00bb1\/1&Prime; tablet_width_inherit=\u00a0\u00bbdefault\u00a0\u00bb tablet_text_alignment=\u00a0\u00bbdefault\u00a0\u00bb phone_text_alignment=\u00a0\u00bbdefault\u00a0\u00bb column_border_width=\u00a0\u00bbnone\u00a0\u00bb column_border_style=\u00a0\u00bbsolid\u00a0\u00bb bg_image_animation=\u00a0\u00bbnone\u00a0\u00bb][vc_column_text] [\/vc_column_text][\/vc_column][\/vc_row][vc_row type=\u00a0\u00bbfull_width_background\u00a0\u00bb full_screen_row_position=\u00a0\u00bbmiddle\u00a0\u00bb equal_height=\u00a0\u00bbyes\u00a0\u00bb scene_position=\u00a0\u00bbcenter\u00a0\u00bb text_color=\u00a0\u00bbdark\u00a0\u00bb text_align=\u00a0\u00bbleft\u00a0\u00bb top_padding=\u00a0\u00bb2%\u00a0\u00bb bottom_padding=\u00a0\u00bb2%\u00a0\u00bb&#8230;<\/p>\n","protected":false},"author":1,"featured_media":0,"parent":8042,"menu_order":0,"comment_status":"closed","ping_status":"closed","template":"","meta":{"_crdt_document":"","footnotes":""},"class_list":["post-8090","page","type-page","status-publish"],"yoast_head":"<!-- This site is optimized with the Yoast SEO plugin v26.8 - https:\/\/yoast.com\/product\/yoast-seo-wordpress\/ -->\n<title>L\u2019int\u00e9rim, une chance - personal-4u<\/title>\n<meta name=\"description\" content=\"Sammeln Sie Berufserfahrung und lernen Sie verschiedene Branchen kennen. Bilden Sie sich fortlaufend weiter und verbessern so Ihre Chancen auf dem Arbeitsmarkt.\" \/>\n<meta name=\"robots\" content=\"index, follow, max-snippet:-1, max-image-preview:large, max-video-preview:-1\" \/>\n<link rel=\"canonical\" href=\"https:\/\/personal-4u.de\/fr\/espace-candidates\/linterim-une-chance\/\" \/>\n<meta property=\"og:locale\" content=\"fr_FR\" \/>\n<meta property=\"og:type\" content=\"article\" \/>\n<meta property=\"og:title\" content=\"L\u2019int\u00e9rim, une chance - personal-4u\" \/>\n<meta property=\"og:description\" content=\"Sammeln Sie Berufserfahrung und lernen Sie verschiedene Branchen kennen. Bilden Sie sich fortlaufend weiter und verbessern so Ihre Chancen auf dem Arbeitsmarkt.\" \/>\n<meta property=\"og:url\" content=\"https:\/\/personal-4u.de\/fr\/espace-candidates\/linterim-une-chance\/\" \/>\n<meta property=\"og:site_name\" content=\"personal-4u\" \/>\n<meta property=\"article:publisher\" content=\"https:\/\/www.facebook.com\/Personal4UGmbH\/\" \/>\n<meta property=\"article:modified_time\" content=\"2020-03-18T02:33:12+00:00\" \/>\n<meta name=\"twitter:card\" content=\"summary_large_image\" \/>\n<meta name=\"twitter:label1\" content=\"Dur\u00e9e de lecture estim\u00e9e\" \/>\n\t<meta name=\"twitter:data1\" content=\"6 minutes\" \/>\n<script type=\"application\/ld+json\" class=\"yoast-schema-graph\">{\"@context\":\"https:\/\/schema.org\",\"@graph\":[{\"@type\":\"WebPage\",\"@id\":\"https:\/\/personal-4u.de\/fr\/espace-candidates\/linterim-une-chance\/\",\"url\":\"https:\/\/personal-4u.de\/fr\/espace-candidates\/linterim-une-chance\/\",\"name\":\"L\u2019int\u00e9rim, une chance - personal-4u\",\"isPartOf\":{\"@id\":\"https:\/\/personal-4u.de\/#website\"},\"datePublished\":\"2018-12-12T13:53:48+00:00\",\"dateModified\":\"2020-03-18T02:33:12+00:00\",\"description\":\"Sammeln Sie Berufserfahrung und lernen Sie verschiedene Branchen kennen. Bilden Sie sich fortlaufend weiter und verbessern so Ihre Chancen auf dem Arbeitsmarkt.\",\"breadcrumb\":{\"@id\":\"https:\/\/personal-4u.de\/fr\/espace-candidates\/linterim-une-chance\/#breadcrumb\"},\"inLanguage\":\"fr-FR\",\"potentialAction\":[{\"@type\":\"ReadAction\",\"target\":[\"https:\/\/personal-4u.de\/fr\/espace-candidates\/linterim-une-chance\/\"]}]},{\"@type\":\"BreadcrumbList\",\"@id\":\"https:\/\/personal-4u.de\/fr\/espace-candidates\/linterim-une-chance\/#breadcrumb\",\"itemListElement\":[{\"@type\":\"ListItem\",\"position\":1,\"name\":\"Startseite\",\"item\":\"https:\/\/personal-4u.de\/fr\/\"},{\"@type\":\"ListItem\",\"position\":2,\"name\":\"Espace Candidat(e)s\",\"item\":\"https:\/\/personal-4u.de\/fr\/espace-candidates\/\"},{\"@type\":\"ListItem\",\"position\":3,\"name\":\"L\u2019int\u00e9rim, une chance\"}]},{\"@type\":\"WebSite\",\"@id\":\"https:\/\/personal-4u.de\/#website\",\"url\":\"https:\/\/personal-4u.de\/\",\"name\":\"personal-4u\",\"description\":\"schafft ein Plus f\u00fcr Sie.\",\"publisher\":{\"@id\":\"https:\/\/personal-4u.de\/#organization\"},\"potentialAction\":[{\"@type\":\"SearchAction\",\"target\":{\"@type\":\"EntryPoint\",\"urlTemplate\":\"https:\/\/personal-4u.de\/?s={search_term_string}\"},\"query-input\":{\"@type\":\"PropertyValueSpecification\",\"valueRequired\":true,\"valueName\":\"search_term_string\"}}],\"inLanguage\":\"fr-FR\"},{\"@type\":\"Organization\",\"@id\":\"https:\/\/personal-4u.de\/#organization\",\"name\":\"Personal 4U - schafft ein Plus f\u00fcr Sie\",\"url\":\"https:\/\/personal-4u.de\/\",\"logo\":{\"@type\":\"ImageObject\",\"inLanguage\":\"fr-FR\",\"@id\":\"https:\/\/personal-4u.de\/#\/schema\/logo\/image\/\",\"url\":\"https:\/\/personal-4u.de\/wp-content\/uploads\/2019\/02\/p4u_logo_farbe-01-400-web.png\",\"contentUrl\":\"https:\/\/personal-4u.de\/wp-content\/uploads\/2019\/02\/p4u_logo_farbe-01-400-web.png\",\"width\":400,\"height\":197,\"caption\":\"Personal 4U - schafft ein Plus f\u00fcr Sie\"},\"image\":{\"@id\":\"https:\/\/personal-4u.de\/#\/schema\/logo\/image\/\"},\"sameAs\":[\"https:\/\/www.facebook.com\/Personal4UGmbH\/\"]}]}<\/script>\n<!-- \/ Yoast SEO plugin. -->","yoast_head_json":{"title":"L\u2019int\u00e9rim, une chance - personal-4u","description":"Sammeln Sie Berufserfahrung und lernen Sie verschiedene Branchen kennen. Bilden Sie sich fortlaufend weiter und verbessern so Ihre Chancen auf dem Arbeitsmarkt.","robots":{"index":"index","follow":"follow","max-snippet":"max-snippet:-1","max-image-preview":"max-image-preview:large","max-video-preview":"max-video-preview:-1"},"canonical":"https:\/\/personal-4u.de\/fr\/espace-candidates\/linterim-une-chance\/","og_locale":"fr_FR","og_type":"article","og_title":"L\u2019int\u00e9rim, une chance - personal-4u","og_description":"Sammeln Sie Berufserfahrung und lernen Sie verschiedene Branchen kennen. Bilden Sie sich fortlaufend weiter und verbessern so Ihre Chancen auf dem Arbeitsmarkt.","og_url":"https:\/\/personal-4u.de\/fr\/espace-candidates\/linterim-une-chance\/","og_site_name":"personal-4u","article_publisher":"https:\/\/www.facebook.com\/Personal4UGmbH\/","article_modified_time":"2020-03-18T02:33:12+00:00","twitter_card":"summary_large_image","twitter_misc":{"Dur\u00e9e de lecture estim\u00e9e":"6 minutes"},"schema":{"@context":"https:\/\/schema.org","@graph":[{"@type":"WebPage","@id":"https:\/\/personal-4u.de\/fr\/espace-candidates\/linterim-une-chance\/","url":"https:\/\/personal-4u.de\/fr\/espace-candidates\/linterim-une-chance\/","name":"L\u2019int\u00e9rim, une chance - personal-4u","isPartOf":{"@id":"https:\/\/personal-4u.de\/#website"},"datePublished":"2018-12-12T13:53:48+00:00","dateModified":"2020-03-18T02:33:12+00:00","description":"Sammeln Sie Berufserfahrung und lernen Sie verschiedene Branchen kennen. Bilden Sie sich fortlaufend weiter und verbessern so Ihre Chancen auf dem Arbeitsmarkt.","breadcrumb":{"@id":"https:\/\/personal-4u.de\/fr\/espace-candidates\/linterim-une-chance\/#breadcrumb"},"inLanguage":"fr-FR","potentialAction":[{"@type":"ReadAction","target":["https:\/\/personal-4u.de\/fr\/espace-candidates\/linterim-une-chance\/"]}]},{"@type":"BreadcrumbList","@id":"https:\/\/personal-4u.de\/fr\/espace-candidates\/linterim-une-chance\/#breadcrumb","itemListElement":[{"@type":"ListItem","position":1,"name":"Startseite","item":"https:\/\/personal-4u.de\/fr\/"},{"@type":"ListItem","position":2,"name":"Espace Candidat(e)s","item":"https:\/\/personal-4u.de\/fr\/espace-candidates\/"},{"@type":"ListItem","position":3,"name":"L\u2019int\u00e9rim, une chance"}]},{"@type":"WebSite","@id":"https:\/\/personal-4u.de\/#website","url":"https:\/\/personal-4u.de\/","name":"personal-4u","description":"schafft ein Plus f\u00fcr Sie.","publisher":{"@id":"https:\/\/personal-4u.de\/#organization"},"potentialAction":[{"@type":"SearchAction","target":{"@type":"EntryPoint","urlTemplate":"https:\/\/personal-4u.de\/?s={search_term_string}"},"query-input":{"@type":"PropertyValueSpecification","valueRequired":true,"valueName":"search_term_string"}}],"inLanguage":"fr-FR"},{"@type":"Organization","@id":"https:\/\/personal-4u.de\/#organization","name":"Personal 4U - schafft ein Plus f\u00fcr Sie","url":"https:\/\/personal-4u.de\/","logo":{"@type":"ImageObject","inLanguage":"fr-FR","@id":"https:\/\/personal-4u.de\/#\/schema\/logo\/image\/","url":"https:\/\/personal-4u.de\/wp-content\/uploads\/2019\/02\/p4u_logo_farbe-01-400-web.png","contentUrl":"https:\/\/personal-4u.de\/wp-content\/uploads\/2019\/02\/p4u_logo_farbe-01-400-web.png","width":400,"height":197,"caption":"Personal 4U - schafft ein Plus f\u00fcr Sie"},"image":{"@id":"https:\/\/personal-4u.de\/#\/schema\/logo\/image\/"},"sameAs":["https:\/\/www.facebook.com\/Personal4UGmbH\/"]}]}},"_links":{"self":[{"href":"https:\/\/personal-4u.de\/fr\/wp-json\/wp\/v2\/pages\/8090","targetHints":{"allow":["GET"]}}],"collection":[{"href":"https:\/\/personal-4u.de\/fr\/wp-json\/wp\/v2\/pages"}],"about":[{"href":"https:\/\/personal-4u.de\/fr\/wp-json\/wp\/v2\/types\/page"}],"author":[{"embeddable":true,"href":"https:\/\/personal-4u.de\/fr\/wp-json\/wp\/v2\/users\/1"}],"replies":[{"embeddable":true,"href":"https:\/\/personal-4u.de\/fr\/wp-json\/wp\/v2\/comments?post=8090"}],"version-history":[{"count":19,"href":"https:\/\/personal-4u.de\/fr\/wp-json\/wp\/v2\/pages\/8090\/revisions"}],"predecessor-version":[{"id":9448,"href":"https:\/\/personal-4u.de\/fr\/wp-json\/wp\/v2\/pages\/8090\/revisions\/9448"}],"up":[{"embeddable":true,"href":"https:\/\/personal-4u.de\/fr\/wp-json\/wp\/v2\/pages\/8042"}],"wp:attachment":[{"href":"https:\/\/personal-4u.de\/fr\/wp-json\/wp\/v2\/media?parent=8090"}],"curies":[{"name":"wp","href":"https:\/\/api.w.org\/{rel}","templated":true}]}}