{"id":8085,"date":"2018-12-12T14:44:52","date_gmt":"2018-12-12T13:44:52","guid":{"rendered":"https:\/\/personal-4u.de\/?page_id=8085"},"modified":"2020-03-18T03:31:57","modified_gmt":"2020-03-18T02:31:57","slug":"so-einfach-funktionierts","status":"publish","type":"page","link":"https:\/\/personal-4u.de\/fr\/espace-candidates\/so-einfach-funktionierts\/","title":{"rendered":"Postuler, c\u2019est simple !"},"content":{"rendered":"[vc_row type=\u00a0\u00bbin_container\u00a0\u00bb full_screen_row_position=\u00a0\u00bbmiddle\u00a0\u00bb scene_position=\u00a0\u00bbcenter\u00a0\u00bb text_color=\u00a0\u00bbdark\u00a0\u00bb text_align=\u00a0\u00bbleft\u00a0\u00bb disable_element=\u00a0\u00bbyes\u00a0\u00bb overlay_strength=\u00a0\u00bb0.3&Prime; shape_divider_position=\u00a0\u00bbbottom\u00a0\u00bb bg_image_animation=\u00a0\u00bbnone\u00a0\u00bb shape_type=\u00a0\u00bb\u00a0\u00bb][vc_column centered_text=\u00a0\u00bbtrue\u00a0\u00bb column_padding=\u00a0\u00bbno-extra-padding\u00a0\u00bb column_padding_position=\u00a0\u00bball\u00a0\u00bb background_color_opacity=\u00a0\u00bb1&Prime; background_hover_color_opacity=\u00a0\u00bb1&Prime; column_link_target=\u00a0\u00bb_self\u00a0\u00bb column_shadow=\u00a0\u00bbnone\u00a0\u00bb column_border_radius=\u00a0\u00bbnone\u00a0\u00bb width=\u00a0\u00bb1\/1&Prime; tablet_width_inherit=\u00a0\u00bbdefault\u00a0\u00bb tablet_text_alignment=\u00a0\u00bbdefault\u00a0\u00bb phone_text_alignment=\u00a0\u00bbdefault\u00a0\u00bb column_border_width=\u00a0\u00bbnone\u00a0\u00bb column_border_style=\u00a0\u00bbsolid\u00a0\u00bb bg_image_animation=\u00a0\u00bbnone\u00a0\u00bb][vc_column_text]\n<pre><nav aria-label=\"breadcrumbs\">\n            <div class=\"breadcrumb-container theme1\">\n                <ol>\n                    <li><a title=\"You are here\" href=\"#\"><span>You are here<\/span><\/a><span class=\"separator\">\u00bb<\/span><\/li>\n                    <\/ol>\n            <\/div>\n        <\/nav>    <script type=\"application\/ld+json\">\n        {\n            \"@context\": \"http:\/\/schema.org\",\n            \"@type\": \"BreadcrumbList\",\n            \"itemListElement\": [\n                 {\n                            \"@type\": \"ListItem\",\n                            \"position\": 1,\n                            \"item\": {\n                                \"@id\": \"#\",\n                                \"name\": \"You are here\"\n                            }\n                        }\n                                                    ]\n        }\n    <\/script>\n   \n    <script>\n            <\/script>\n<\/pre>\n[\/vc_column_text][\/vc_column][\/vc_row][vc_row type=\u00a0\u00bbfull_width_background\u00a0\u00bb full_screen_row_position=\u00a0\u00bbmiddle\u00a0\u00bb scene_position=\u00a0\u00bbcenter\u00a0\u00bb text_color=\u00a0\u00bbdark\u00a0\u00bb text_align=\u00a0\u00bbleft\u00a0\u00bb overlay_strength=\u00a0\u00bb0.3&Prime; shape_divider_position=\u00a0\u00bbbottom\u00a0\u00bb bg_image_animation=\u00a0\u00bbnone\u00a0\u00bb shape_type=\u00a0\u00bb\u00a0\u00bb][vc_column centered_text=\u00a0\u00bbtrue\u00a0\u00bb column_padding=\u00a0\u00bbpadding-4-percent\u00a0\u00bb column_padding_position=\u00a0\u00bball\u00a0\u00bb background_color_opacity=\u00a0\u00bb1&Prime; background_hover_color_opacity=\u00a0\u00bb1&Prime; column_link_target=\u00a0\u00bb_self\u00a0\u00bb column_shadow=\u00a0\u00bbnone\u00a0\u00bb column_border_radius=\u00a0\u00bb5px\u00a0\u00bb width=\u00a0\u00bb1\/1&Prime; tablet_width_inherit=\u00a0\u00bbdefault\u00a0\u00bb tablet_text_alignment=\u00a0\u00bbdefault\u00a0\u00bb phone_text_alignment=\u00a0\u00bbdefault\u00a0\u00bb column_border_width=\u00a0\u00bbnone\u00a0\u00bb bg_image_animation=\u00a0\u00bbnone\u00a0\u00bb][vc_custom_heading text=\u00a0\u00bbPostuler, c\u2019est simple !\u00a0\u00bb font_container=\u00a0\u00bbtag:h2|text_align:center|color:%23ffda09&Prime; use_theme_fonts=\u00a0\u00bbyes\u00a0\u00bb]<div class=\"divider-wrap\" data-alignment=\"default\"><div style=\"height: 20px;\" class=\"divider\"><\/div><\/div>[vc_column_text]<strong> Le travail temporaire pr\u00e9sente de nombreux avantages: <\/strong>[\/vc_column_text][vc_column_text]\n<p style=\"text-align: center;\">Acqu\u00e9rez de l&rsquo;exp\u00e9rience professionnelle et apprenez \u00e0 conna\u00eetre diff\u00e9rents secteurs d&rsquo;activit\u00e9. B\u00e9n\u00e9ficiez d\u2019une formation continue et am\u00e9liorez vos chances sur le march\u00e9 du travail. Si vous parvenez \u00e0 convaincre votre employeur de votre travail, il y a de fortes chances pour qu\u2019il vous embauche. Laissez-vous convaincre par le travail int\u00e9rimaire en Allemagne !<br \/>\nLes \u00e9tapes de notre accompagnement jusqu\u2019\u00e0 votre embauche\u00a0:<\/p>\n[\/vc_column_text][\/vc_column][\/vc_row][vc_row type=\u00a0\u00bbfull_width_background\u00a0\u00bb full_screen_row_position=\u00a0\u00bbmiddle\u00a0\u00bb scene_position=\u00a0\u00bbcenter\u00a0\u00bb text_color=\u00a0\u00bbdark\u00a0\u00bb text_align=\u00a0\u00bbleft\u00a0\u00bb bottom_padding=\u00a0\u00bb5%\u00a0\u00bb overlay_strength=\u00a0\u00bb0.3&Prime; shape_divider_position=\u00a0\u00bbbottom\u00a0\u00bb bg_image_animation=\u00a0\u00bbnone\u00a0\u00bb shape_type=\u00a0\u00bb\u00a0\u00bb][vc_column centered_text=\u00a0\u00bbtrue\u00a0\u00bb column_padding=\u00a0\u00bbpadding-10-percent\u00a0\u00bb column_padding_position=\u00a0\u00bball\u00a0\u00bb background_color=\u00a0\u00bb#ffffff\u00a0\u00bb background_color_opacity=\u00a0\u00bb1&Prime; background_hover_color_opacity=\u00a0\u00bb1&Prime; column_link_target=\u00a0\u00bb_self\u00a0\u00bb column_shadow=\u00a0\u00bbnone\u00a0\u00bb column_border_radius=\u00a0\u00bb5px\u00a0\u00bb width=\u00a0\u00bb1\/1&Prime; tablet_width_inherit=\u00a0\u00bbdefault\u00a0\u00bb tablet_text_alignment=\u00a0\u00bbdefault\u00a0\u00bb phone_text_alignment=\u00a0\u00bbdefault\u00a0\u00bb column_border_width=\u00a0\u00bbnone\u00a0\u00bb bg_image_animation=\u00a0\u00bbnone\u00a0\u00bb][nectar_icon_list animate=\u00a0\u00bbtrue\u00a0\u00bb color=\u00a0\u00bbAccent-Color\u00a0\u00bb direction=\u00a0\u00bbvertical\u00a0\u00bb icon_size=\u00a0\u00bblarge\u00a0\u00bb icon_style=\u00a0\u00bbborder\u00a0\u00bb][nectar_icon_list_item icon_type=\u00a0\u00bbicon\u00a0\u00bb title=\u00a0\u00bbList Item\u00a0\u00bb id=\u00a0\u00bb1584498699316-10&Prime; header=\u00a0\u00bb1. Curriculum Vitae\u00a0\u00bb text=\u00a0\u00bbVous nous envoyez votre CV (en fran\u00e7ais ou en allemand) ou vous nous le remettez en main propre.\u00a0\u00bb tab_id=\u00a0\u00bb1584498699317-6&Prime; icon_fontawesome=\u00a0\u00bbfa fa-address-book\u00a0\u00bb] [\/nectar_icon_list_item][nectar_icon_list_item icon_type=\u00a0\u00bbicon\u00a0\u00bb title=\u00a0\u00bbList Item\u00a0\u00bb id=\u00a0\u00bb1584498699399-1&Prime; header=\u00a0\u00bb2. Objectifs\u00a0\u00bb text=\u00a0\u00bbEnsemble, nous discutons et analysons vos capacit\u00e9s, vos souhaits, vos objectifs et vos possibilit\u00e9s.\u00a0\u00bb tab_id=\u00a0\u00bb1584498699400-2&Prime; icon_fontawesome=\u00a0\u00bbfa fa-flag\u00a0\u00bb] [\/nectar_icon_list_item][nectar_icon_list_item icon_type=\u00a0\u00bbicon\u00a0\u00bb title=\u00a0\u00bbList Item\u00a0\u00bb id=\u00a0\u00bb1584498699444-0&Prime; header=\u00a0\u00bb3. Perspectives\u00a0\u00bb text=\u00a0\u00bbNous vous informons des postes correspondants \u00e0 vos recherches et des perspectives existantes.\u00a0\u00bb tab_id=\u00a0\u00bb1584498699445-6&Prime; icon_fontawesome=\u00a0\u00bbfa fa-road\u00a0\u00bb][\/nectar_icon_list_item][nectar_icon_list_item icon_type=\u00a0\u00bbicon\u00a0\u00bb title=\u00a0\u00bbList Item\u00a0\u00bb id=\u00a0\u00bb1584498699482-7&Prime; header=\u00a0\u00bb4. Profil\u00a0\u00bb text=\u00a0\u00bbNous envoyons votre profil \u00e0 des entreprises partenaires.\u00a0\u00bb tab_id=\u00a0\u00bb1584498699483-6&Prime; icon_fontawesome=\u00a0\u00bbfa fa-user-o\u00a0\u00bb][\/nectar_icon_list_item][nectar_icon_list_item icon_type=\u00a0\u00bbicon\u00a0\u00bb title=\u00a0\u00bbList Item\u00a0\u00bb id=\u00a0\u00bb1584498699523-10&Prime; tab_id=\u00a0\u00bb1584498699525-5&Prime; header=\u00a0\u00bb5. Coaching\u00a0\u00bb text=\u00a0\u00bbNous vous pr\u00e9parons \u00e0 votre entretien d&#8217;embauche en fonction des attentes de l&rsquo;entreprise.\u00a0\u00bb icon_fontawesome=\u00a0\u00bbfa fa-eye\u00a0\u00bb][\/nectar_icon_list_item][nectar_icon_list_item icon_type=\u00a0\u00bbicon\u00a0\u00bb title=\u00a0\u00bbList Item\u00a0\u00bb id=\u00a0\u00bb1584498699571-6&Prime; tab_id=\u00a0\u00bb1584498699572-2&Prime; header=\u00a0\u00bb6. Entretien\u00a0\u00bb text=\u00a0\u00bbNous vous accompagnons lors de votre entretien d\u2019embauche dans l\u2019entreprise.\u00a0\u00bb icon_fontawesome=\u00a0\u00bbfa fa-building-o\u00a0\u00bb][\/nectar_icon_list_item][nectar_icon_list_item icon_type=\u00a0\u00bbicon\u00a0\u00bb title=\u00a0\u00bbList Item\u00a0\u00bb id=\u00a0\u00bb1584498699614-1&Prime; tab_id=\u00a0\u00bb1584498699618-4&Prime; header=\u00a0\u00bb7. Jour d\u2018essai\u00a0\u00bb text=\u00a0\u00bbApprenez \u00e0 mieux conna\u00eetre votre futur lieu de travail.\u00a0\u00bb icon_fontawesome=\u00a0\u00bbfa fa-home\u00a0\u00bb][\/nectar_icon_list_item][nectar_icon_list_item icon_type=\u00a0\u00bbicon\u00a0\u00bb title=\u00a0\u00bbList Item\u00a0\u00bb id=\u00a0\u00bb1584498699649-8&Prime; tab_id=\u00a0\u00bb1584498699651-1&Prime; header=\u00a0\u00bb8. Contrat de travail\u00a0\u00bb text=\u00a0\u00bbUn retour positif ? Recevez un contrat de travail \u00e0 dur\u00e9e ind\u00e9termin\u00e9e de notre part !\u00a0\u00bb icon_fontawesome=\u00a0\u00bbfa fa-handshake-o\u00a0\u00bb][\/nectar_icon_list_item][\/nectar_icon_list]<div class=\"divider-wrap\" data-alignment=\"default\"><div style=\"height: 20px;\" class=\"divider\"><\/div><\/div>[\/vc_column][\/vc_row][vc_row type=\u00a0\u00bbfull_width_background\u00a0\u00bb full_screen_row_position=\u00a0\u00bbmiddle\u00a0\u00bb scene_position=\u00a0\u00bbcenter\u00a0\u00bb text_color=\u00a0\u00bbdark\u00a0\u00bb text_align=\u00a0\u00bbleft\u00a0\u00bb bottom_padding=\u00a0\u00bb5%\u00a0\u00bb overlay_strength=\u00a0\u00bb0.3&Prime; shape_divider_position=\u00a0\u00bbbottom\u00a0\u00bb bg_image_animation=\u00a0\u00bbnone\u00a0\u00bb shape_type=\u00a0\u00bb\u00a0\u00bb][vc_column centered_text=\u00a0\u00bbtrue\u00a0\u00bb column_padding=\u00a0\u00bbpadding-1-percent\u00a0\u00bb column_padding_position=\u00a0\u00bball\u00a0\u00bb background_color_opacity=\u00a0\u00bb1&Prime; background_hover_color_opacity=\u00a0\u00bb1&Prime; column_link_target=\u00a0\u00bb_self\u00a0\u00bb column_shadow=\u00a0\u00bbnone\u00a0\u00bb column_border_radius=\u00a0\u00bb5px\u00a0\u00bb width=\u00a0\u00bb1\/1&Prime; tablet_width_inherit=\u00a0\u00bbdefault\u00a0\u00bb tablet_text_alignment=\u00a0\u00bbdefault\u00a0\u00bb phone_text_alignment=\u00a0\u00bbdefault\u00a0\u00bb column_border_width=\u00a0\u00bbnone\u00a0\u00bb bg_image_animation=\u00a0\u00bbnone\u00a0\u00bb]<div class=\"divider-wrap\" data-alignment=\"default\"><div style=\"height: 20px;\" class=\"divider\"><\/div><\/div>[vc_column_text]\n<h4 style=\"text-align: center;\">D\u00e9posez votre <a href=\"\/fr\/candidature-spontanee\/\"><b>candidature spontan\u00e9e<\/b><\/a><\/h4>\n[\/vc_column_text][\/vc_column][\/vc_row]\n","protected":false},"excerpt":{"rendered":"<p>[vc_row type=\u00a0\u00bbin_container\u00a0\u00bb full_screen_row_position=\u00a0\u00bbmiddle\u00a0\u00bb scene_position=\u00a0\u00bbcenter\u00a0\u00bb text_color=\u00a0\u00bbdark\u00a0\u00bb text_align=\u00a0\u00bbleft\u00a0\u00bb disable_element=\u00a0\u00bbyes\u00a0\u00bb overlay_strength=\u00a0\u00bb0.3&Prime; shape_divider_position=\u00a0\u00bbbottom\u00a0\u00bb bg_image_animation=\u00a0\u00bbnone\u00a0\u00bb shape_type=\u00a0\u00bb\u00a0\u00bb][vc_column centered_text=\u00a0\u00bbtrue\u00a0\u00bb column_padding=\u00a0\u00bbno-extra-padding\u00a0\u00bb column_padding_position=\u00a0\u00bball\u00a0\u00bb background_color_opacity=\u00a0\u00bb1&Prime; background_hover_color_opacity=\u00a0\u00bb1&Prime; column_link_target=\u00a0\u00bb_self\u00a0\u00bb column_shadow=\u00a0\u00bbnone\u00a0\u00bb column_border_radius=\u00a0\u00bbnone\u00a0\u00bb width=\u00a0\u00bb1\/1&Prime; tablet_width_inherit=\u00a0\u00bbdefault\u00a0\u00bb tablet_text_alignment=\u00a0\u00bbdefault\u00a0\u00bb phone_text_alignment=\u00a0\u00bbdefault\u00a0\u00bb column_border_width=\u00a0\u00bbnone\u00a0\u00bb column_border_style=\u00a0\u00bbsolid\u00a0\u00bb bg_image_animation=\u00a0\u00bbnone\u00a0\u00bb][vc_column_text] [\/vc_column_text][\/vc_column][\/vc_row][vc_row type=\u00a0\u00bbfull_width_background\u00a0\u00bb full_screen_row_position=\u00a0\u00bbmiddle\u00a0\u00bb scene_position=\u00a0\u00bbcenter\u00a0\u00bb text_color=\u00a0\u00bbdark\u00a0\u00bb text_align=\u00a0\u00bbleft\u00a0\u00bb overlay_strength=\u00a0\u00bb0.3&Prime; shape_divider_position=\u00a0\u00bbbottom\u00a0\u00bb bg_image_animation=\u00a0\u00bbnone\u00a0\u00bb&#8230;<\/p>\n","protected":false},"author":1,"featured_media":0,"parent":8042,"menu_order":0,"comment_status":"closed","ping_status":"closed","template":"","meta":{"_crdt_document":"","footnotes":""},"class_list":["post-8085","page","type-page","status-publish"],"yoast_head":"<!-- This site is optimized with the Yoast SEO plugin v26.8 - https:\/\/yoast.com\/product\/yoast-seo-wordpress\/ -->\n<title>Postuler, c\u2019est simple ! - personal-4u<\/title>\n<meta name=\"description\" content=\"Sammeln Sie Berufserfahrung und lernen Sie verschiedene Branchen kennen. Bilden Sie sich fortlaufend weiter und verbessern so Ihre Chancen auf dem Arbeitsmarkt.\" \/>\n<meta name=\"robots\" content=\"index, follow, max-snippet:-1, max-image-preview:large, max-video-preview:-1\" \/>\n<link rel=\"canonical\" href=\"https:\/\/personal-4u.de\/fr\/espace-candidates\/so-einfach-funktionierts\/\" \/>\n<meta property=\"og:locale\" content=\"fr_FR\" \/>\n<meta property=\"og:type\" content=\"article\" \/>\n<meta property=\"og:title\" content=\"Postuler, c\u2019est simple ! - personal-4u\" \/>\n<meta property=\"og:description\" content=\"Sammeln Sie Berufserfahrung und lernen Sie verschiedene Branchen kennen. Bilden Sie sich fortlaufend weiter und verbessern so Ihre Chancen auf dem Arbeitsmarkt.\" \/>\n<meta property=\"og:url\" content=\"https:\/\/personal-4u.de\/fr\/espace-candidates\/so-einfach-funktionierts\/\" \/>\n<meta property=\"og:site_name\" content=\"personal-4u\" \/>\n<meta property=\"article:publisher\" content=\"https:\/\/www.facebook.com\/Personal4UGmbH\/\" \/>\n<meta property=\"article:modified_time\" content=\"2020-03-18T02:31:57+00:00\" \/>\n<meta name=\"twitter:card\" content=\"summary_large_image\" \/>\n<meta name=\"twitter:label1\" content=\"Dur\u00e9e de lecture estim\u00e9e\" \/>\n\t<meta name=\"twitter:data1\" content=\"4 minutes\" \/>\n<script type=\"application\/ld+json\" class=\"yoast-schema-graph\">{\"@context\":\"https:\/\/schema.org\",\"@graph\":[{\"@type\":\"WebPage\",\"@id\":\"https:\/\/personal-4u.de\/fr\/espace-candidates\/so-einfach-funktionierts\/\",\"url\":\"https:\/\/personal-4u.de\/fr\/espace-candidates\/so-einfach-funktionierts\/\",\"name\":\"Postuler, c\u2019est simple ! - personal-4u\",\"isPartOf\":{\"@id\":\"https:\/\/personal-4u.de\/#website\"},\"datePublished\":\"2018-12-12T13:44:52+00:00\",\"dateModified\":\"2020-03-18T02:31:57+00:00\",\"description\":\"Sammeln Sie Berufserfahrung und lernen Sie verschiedene Branchen kennen. Bilden Sie sich fortlaufend weiter und verbessern so Ihre Chancen auf dem Arbeitsmarkt.\",\"breadcrumb\":{\"@id\":\"https:\/\/personal-4u.de\/fr\/espace-candidates\/so-einfach-funktionierts\/#breadcrumb\"},\"inLanguage\":\"fr-FR\",\"potentialAction\":[{\"@type\":\"ReadAction\",\"target\":[\"https:\/\/personal-4u.de\/fr\/espace-candidates\/so-einfach-funktionierts\/\"]}]},{\"@type\":\"BreadcrumbList\",\"@id\":\"https:\/\/personal-4u.de\/fr\/espace-candidates\/so-einfach-funktionierts\/#breadcrumb\",\"itemListElement\":[{\"@type\":\"ListItem\",\"position\":1,\"name\":\"Startseite\",\"item\":\"https:\/\/personal-4u.de\/fr\/\"},{\"@type\":\"ListItem\",\"position\":2,\"name\":\"Espace Candidat(e)s\",\"item\":\"https:\/\/personal-4u.de\/fr\/espace-candidates\/\"},{\"@type\":\"ListItem\",\"position\":3,\"name\":\"Postuler, c\u2019est simple !\"}]},{\"@type\":\"WebSite\",\"@id\":\"https:\/\/personal-4u.de\/#website\",\"url\":\"https:\/\/personal-4u.de\/\",\"name\":\"personal-4u\",\"description\":\"schafft ein Plus f\u00fcr Sie.\",\"publisher\":{\"@id\":\"https:\/\/personal-4u.de\/#organization\"},\"potentialAction\":[{\"@type\":\"SearchAction\",\"target\":{\"@type\":\"EntryPoint\",\"urlTemplate\":\"https:\/\/personal-4u.de\/?s={search_term_string}\"},\"query-input\":{\"@type\":\"PropertyValueSpecification\",\"valueRequired\":true,\"valueName\":\"search_term_string\"}}],\"inLanguage\":\"fr-FR\"},{\"@type\":\"Organization\",\"@id\":\"https:\/\/personal-4u.de\/#organization\",\"name\":\"Personal 4U - schafft ein Plus f\u00fcr Sie\",\"url\":\"https:\/\/personal-4u.de\/\",\"logo\":{\"@type\":\"ImageObject\",\"inLanguage\":\"fr-FR\",\"@id\":\"https:\/\/personal-4u.de\/#\/schema\/logo\/image\/\",\"url\":\"https:\/\/personal-4u.de\/wp-content\/uploads\/2019\/02\/p4u_logo_farbe-01-400-web.png\",\"contentUrl\":\"https:\/\/personal-4u.de\/wp-content\/uploads\/2019\/02\/p4u_logo_farbe-01-400-web.png\",\"width\":400,\"height\":197,\"caption\":\"Personal 4U - schafft ein Plus f\u00fcr Sie\"},\"image\":{\"@id\":\"https:\/\/personal-4u.de\/#\/schema\/logo\/image\/\"},\"sameAs\":[\"https:\/\/www.facebook.com\/Personal4UGmbH\/\"]}]}<\/script>\n<!-- \/ Yoast SEO plugin. -->","yoast_head_json":{"title":"Postuler, c\u2019est simple ! - personal-4u","description":"Sammeln Sie Berufserfahrung und lernen Sie verschiedene Branchen kennen. Bilden Sie sich fortlaufend weiter und verbessern so Ihre Chancen auf dem Arbeitsmarkt.","robots":{"index":"index","follow":"follow","max-snippet":"max-snippet:-1","max-image-preview":"max-image-preview:large","max-video-preview":"max-video-preview:-1"},"canonical":"https:\/\/personal-4u.de\/fr\/espace-candidates\/so-einfach-funktionierts\/","og_locale":"fr_FR","og_type":"article","og_title":"Postuler, c\u2019est simple ! - personal-4u","og_description":"Sammeln Sie Berufserfahrung und lernen Sie verschiedene Branchen kennen. Bilden Sie sich fortlaufend weiter und verbessern so Ihre Chancen auf dem Arbeitsmarkt.","og_url":"https:\/\/personal-4u.de\/fr\/espace-candidates\/so-einfach-funktionierts\/","og_site_name":"personal-4u","article_publisher":"https:\/\/www.facebook.com\/Personal4UGmbH\/","article_modified_time":"2020-03-18T02:31:57+00:00","twitter_card":"summary_large_image","twitter_misc":{"Dur\u00e9e de lecture estim\u00e9e":"4 minutes"},"schema":{"@context":"https:\/\/schema.org","@graph":[{"@type":"WebPage","@id":"https:\/\/personal-4u.de\/fr\/espace-candidates\/so-einfach-funktionierts\/","url":"https:\/\/personal-4u.de\/fr\/espace-candidates\/so-einfach-funktionierts\/","name":"Postuler, c\u2019est simple ! - personal-4u","isPartOf":{"@id":"https:\/\/personal-4u.de\/#website"},"datePublished":"2018-12-12T13:44:52+00:00","dateModified":"2020-03-18T02:31:57+00:00","description":"Sammeln Sie Berufserfahrung und lernen Sie verschiedene Branchen kennen. Bilden Sie sich fortlaufend weiter und verbessern so Ihre Chancen auf dem Arbeitsmarkt.","breadcrumb":{"@id":"https:\/\/personal-4u.de\/fr\/espace-candidates\/so-einfach-funktionierts\/#breadcrumb"},"inLanguage":"fr-FR","potentialAction":[{"@type":"ReadAction","target":["https:\/\/personal-4u.de\/fr\/espace-candidates\/so-einfach-funktionierts\/"]}]},{"@type":"BreadcrumbList","@id":"https:\/\/personal-4u.de\/fr\/espace-candidates\/so-einfach-funktionierts\/#breadcrumb","itemListElement":[{"@type":"ListItem","position":1,"name":"Startseite","item":"https:\/\/personal-4u.de\/fr\/"},{"@type":"ListItem","position":2,"name":"Espace Candidat(e)s","item":"https:\/\/personal-4u.de\/fr\/espace-candidates\/"},{"@type":"ListItem","position":3,"name":"Postuler, c\u2019est simple !"}]},{"@type":"WebSite","@id":"https:\/\/personal-4u.de\/#website","url":"https:\/\/personal-4u.de\/","name":"personal-4u","description":"schafft ein Plus f\u00fcr Sie.","publisher":{"@id":"https:\/\/personal-4u.de\/#organization"},"potentialAction":[{"@type":"SearchAction","target":{"@type":"EntryPoint","urlTemplate":"https:\/\/personal-4u.de\/?s={search_term_string}"},"query-input":{"@type":"PropertyValueSpecification","valueRequired":true,"valueName":"search_term_string"}}],"inLanguage":"fr-FR"},{"@type":"Organization","@id":"https:\/\/personal-4u.de\/#organization","name":"Personal 4U - schafft ein Plus f\u00fcr Sie","url":"https:\/\/personal-4u.de\/","logo":{"@type":"ImageObject","inLanguage":"fr-FR","@id":"https:\/\/personal-4u.de\/#\/schema\/logo\/image\/","url":"https:\/\/personal-4u.de\/wp-content\/uploads\/2019\/02\/p4u_logo_farbe-01-400-web.png","contentUrl":"https:\/\/personal-4u.de\/wp-content\/uploads\/2019\/02\/p4u_logo_farbe-01-400-web.png","width":400,"height":197,"caption":"Personal 4U - schafft ein Plus f\u00fcr Sie"},"image":{"@id":"https:\/\/personal-4u.de\/#\/schema\/logo\/image\/"},"sameAs":["https:\/\/www.facebook.com\/Personal4UGmbH\/"]}]}},"_links":{"self":[{"href":"https:\/\/personal-4u.de\/fr\/wp-json\/wp\/v2\/pages\/8085","targetHints":{"allow":["GET"]}}],"collection":[{"href":"https:\/\/personal-4u.de\/fr\/wp-json\/wp\/v2\/pages"}],"about":[{"href":"https:\/\/personal-4u.de\/fr\/wp-json\/wp\/v2\/types\/page"}],"author":[{"embeddable":true,"href":"https:\/\/personal-4u.de\/fr\/wp-json\/wp\/v2\/users\/1"}],"replies":[{"embeddable":true,"href":"https:\/\/personal-4u.de\/fr\/wp-json\/wp\/v2\/comments?post=8085"}],"version-history":[{"count":15,"href":"https:\/\/personal-4u.de\/fr\/wp-json\/wp\/v2\/pages\/8085\/revisions"}],"predecessor-version":[{"id":9447,"href":"https:\/\/personal-4u.de\/fr\/wp-json\/wp\/v2\/pages\/8085\/revisions\/9447"}],"up":[{"embeddable":true,"href":"https:\/\/personal-4u.de\/fr\/wp-json\/wp\/v2\/pages\/8042"}],"wp:attachment":[{"href":"https:\/\/personal-4u.de\/fr\/wp-json\/wp\/v2\/media?parent=8085"}],"curies":[{"name":"wp","href":"https:\/\/api.w.org\/{rel}","templated":true}]}}